{"id":138,"date":"2021-05-26T01:38:22","date_gmt":"2021-05-26T04:38:22","guid":{"rendered":"https:\/\/burlantins.com.br\/benjamin\/2021\/?page_id=138"},"modified":"2021-06-18T16:54:01","modified_gmt":"2021-06-18T19:54:01","slug":"patrocinio","status":"publish","type":"page","link":"https:\/\/burlantins.com.br\/benjamin\/2021\/patrocinio\/","title":{"rendered":"Patroc\u00ednio"},"content":{"rendered":"\t\t<div data-elementor-type=\"wp-page\" data-elementor-id=\"138\" class=\"elementor elementor-138\" data-elementor-settings=\"[]\">\n\t\t\t\t\t\t\t<div class=\"elementor-section-wrap\">\n\t\t\t\t\t\t\t<section class=\"elementor-section elementor-top-section elementor-element elementor-element-4fca988 elementor-section-boxed elementor-section-height-default elementor-section-height-default\" data-id=\"4fca988\" data-element_type=\"section\">\n\t\t\t\t\t\t<div class=\"elementor-container elementor-column-gap-default\">\n\t\t\t\t\t<div class=\"elementor-column elementor-col-33 elementor-top-column elementor-element elementor-element-d67e134\" data-id=\"d67e134\" data-element_type=\"column\">\n\t\t\t<div class=\"elementor-widget-wrap elementor-element-populated\">\n\t\t\t\t\t\t\t\t<div class=\"elementor-element elementor-element-dd6df08 elementor-widget elementor-widget-image\" data-id=\"dd6df08\" data-element_type=\"widget\" data-widget_type=\"image.default\">\n\t\t\t\t<div class=\"elementor-widget-container\">\n\t\t\t\t\t\t\t\t\t\t\t\t\t\t\t<img loading=\"lazy\" decoding=\"async\" width=\"768\" height=\"512\" src=\"https:\/\/burlantins.com.br\/benjamin\/2021\/wp-content\/uploads\/2021\/06\/chamada-min-768x512.png\" class=\"attachment-medium_large size-medium_large\" alt=\"\" \/>\t\t\t\t\t\t\t\t\t\t\t\t\t\t\t<\/div>\n\t\t\t\t<\/div>\n\t\t\t\t\t<\/div>\n\t\t<\/div>\n\t\t\t\t<div class=\"elementor-column elementor-col-66 elementor-top-column elementor-element elementor-element-1e0d736\" data-id=\"1e0d736\" data-element_type=\"column\">\n\t\t\t<div class=\"elementor-widget-wrap elementor-element-populated\">\n\t\t\t\t\t\t\t\t<div class=\"elementor-element elementor-element-17614b9 elementor-widget elementor-widget-heading\" data-id=\"17614b9\" data-element_type=\"widget\" data-widget_type=\"heading.default\">\n\t\t\t\t<div class=\"elementor-widget-container\">\n\t\t\t<h2 class=\"elementor-heading-title elementor-size-default\">Patroc\u00ednio<\/h2>\t\t<\/div>\n\t\t\t\t<\/div>\n\t\t\t\t<div class=\"elementor-element elementor-element-f6e1fa5 elementor-widget elementor-widget-text-editor\" data-id=\"f6e1fa5\" data-element_type=\"widget\" data-widget_type=\"text-editor.default\">\n\t\t\t\t<div class=\"elementor-widget-container\">\n\t\t\t\t\t\t\t<p>Aldir Blanc nos deixou em maio de 2020, v\u00edtima da Covi-19. Seu nome e legado serviram de inspira\u00e7\u00e3o para a cria\u00e7\u00e3o da Lei de Emerg\u00eancia Cultural Aldir Blanc, fruto da luta de artistas, coletivos, produtores e parlamentares.<\/p><p>a 4\u00aa edi\u00e7\u00e3o do projeto \ud835\udde6\ud835\uddfc\ud835\uddf9\ud835\uddfc \ud835\udde1\ud835\uddf2\ud835\uddf4\ud835\uddff\ud835\uddfc &#8211; gratuita \u2022 online \u2022 de \ud835\udfed\ud835\udfec \ud835\uddee \ud835\udfed\ud835\udfef \ud835\uddf1\ud835\uddf2 \ud835\uddf7\ud835\ude02\ud835\uddfb\ud835\uddf5\ud835\uddfc &#8211; \u00e9 viabilizada por meio dessa lei no \u00e2mbito do Estado de Minas Gerais.<\/p>\t\t\t\t\t\t<\/div>\n\t\t\t\t<\/div>\n\t\t\t\t\t<\/div>\n\t\t<\/div>\n\t\t\t\t\t\t\t<\/div>\n\t\t<\/section>\n\t\t\t\t<section class=\"elementor-section elementor-top-section elementor-element elementor-element-81674ec elementor-section-boxed elementor-section-height-default elementor-section-height-default\" data-id=\"81674ec\" data-element_type=\"section\">\n\t\t\t\t\t\t<div class=\"elementor-container elementor-column-gap-default\">\n\t\t\t\t\t<div class=\"elementor-column elementor-col-100 elementor-top-column elementor-element elementor-element-f70bd3b\" data-id=\"f70bd3b\" data-element_type=\"column\">\n\t\t\t<div class=\"elementor-widget-wrap elementor-element-populated\">\n\t\t\t\t\t\t\t\t<div class=\"elementor-element elementor-element-210ce7c elementor-shape-circle e-grid-align-right e-grid-align-mobile-center elementor-grid-0 elementor-widget elementor-widget-social-icons\" data-id=\"210ce7c\" data-element_type=\"widget\" data-widget_type=\"social-icons.default\">\n\t\t\t\t<div class=\"elementor-widget-container\">\n\t\t\t\t\t<div class=\"elementor-social-icons-wrapper elementor-grid\">\n\t\t\t\t\t\t\t<span class=\"elementor-grid-item\">\n\t\t\t\t\t<a class=\"elementor-icon elementor-social-icon elementor-social-icon-facebook elementor-repeater-item-d533e3a\" href=\"https:\/\/www.facebook.com\/burlantins\" target=\"_blank\">\n\t\t\t\t\t\t<span class=\"elementor-screen-only\">Facebook<\/span>\n\t\t\t\t\t\t<i class=\"fab fa-facebook\"><\/i>\t\t\t\t\t<\/a>\n\t\t\t\t<\/span>\n\t\t\t\t\t\t\t<span class=\"elementor-grid-item\">\n\t\t\t\t\t<a class=\"elementor-icon elementor-social-icon elementor-social-icon-instagram elementor-repeater-item-a60936e\" href=\"https:\/\/www.instagram.com\/ciaburlantins\/\" target=\"_blank\">\n\t\t\t\t\t\t<span class=\"elementor-screen-only\">Instagram<\/span>\n\t\t\t\t\t\t<i class=\"fab fa-instagram\"><\/i>\t\t\t\t\t<\/a>\n\t\t\t\t<\/span>\n\t\t\t\t\t\t\t<span class=\"elementor-grid-item\">\n\t\t\t\t\t<a class=\"elementor-icon elementor-social-icon elementor-social-icon-youtube elementor-repeater-item-b6eb838\" href=\"https:\/\/www.youtube.com\/ciaburlantins\" target=\"_blank\">\n\t\t\t\t\t\t<span class=\"elementor-screen-only\">Youtube<\/span>\n\t\t\t\t\t\t<i class=\"fab fa-youtube\"><\/i>\t\t\t\t\t<\/a>\n\t\t\t\t<\/span>\n\t\t\t\t\t\t\t<span class=\"elementor-grid-item\">\n\t\t\t\t\t<a class=\"elementor-icon elementor-social-icon elementor-social-icon-envelope elementor-repeater-item-d431c3a\" href=\"mailto:burlantis@gmail.com\" target=\"_blank\">\n\t\t\t\t\t\t<span class=\"elementor-screen-only\">Envelope<\/span>\n\t\t\t\t\t\t<i class=\"fas fa-envelope\"><\/i>\t\t\t\t\t<\/a>\n\t\t\t\t<\/span>\n\t\t\t\t\t<\/div>\n\t\t\t\t<\/div>\n\t\t\t\t<\/div>\n\t\t\t\t<div class=\"elementor-element elementor-element-080490c elementor-widget elementor-widget-text-editor\" data-id=\"080490c\" data-element_type=\"widget\" data-widget_type=\"text-editor.default\">\n\t\t\t\t<div class=\"elementor-widget-container\">\n\t\t\t\t\t\t\t<p><span style=\"font-weight: 400;\">burlantins@gmail.com<\/span><\/p>\t\t\t\t\t\t<\/div>\n\t\t\t\t<\/div>\n\t\t\t\t\t<\/div>\n\t\t<\/div>\n\t\t\t\t\t\t\t<\/div>\n\t\t<\/section>\n\t\t\t\t<section class=\"elementor-section elementor-top-section elementor-element elementor-element-70725fe elementor-section-boxed elementor-section-height-default elementor-section-height-default\" data-id=\"70725fe\" data-element_type=\"section\">\n\t\t\t\t\t\t<div class=\"elementor-container elementor-column-gap-default\">\n\t\t\t\t\t<div class=\"elementor-column elementor-col-100 elementor-top-column elementor-element elementor-element-3701057\" data-id=\"3701057\" data-element_type=\"column\">\n\t\t\t<div class=\"elementor-widget-wrap elementor-element-populated\">\n\t\t\t\t\t\t\t\t<div class=\"elementor-element elementor-element-c797e3e elementor-hidden-phone elementor-widget elementor-widget-image\" data-id=\"c797e3e\" data-element_type=\"widget\" data-widget_type=\"image.default\">\n\t\t\t\t<div class=\"elementor-widget-container\">\n\t\t\t\t\t\t\t\t\t\t\t\t\t\t\t<img loading=\"lazy\" decoding=\"async\" width=\"800\" height=\"111\" src=\"https:\/\/burlantins.com.br\/benjamin\/2021\/wp-content\/uploads\/2021\/06\/rodape-min-1024x142.png\" class=\"attachment-large size-large\" alt=\"\" \/>\t\t\t\t\t\t\t\t\t\t\t\t\t\t\t<\/div>\n\t\t\t\t<\/div>\n\t\t\t\t<div class=\"elementor-element elementor-element-56fd36b elementor-hidden-desktop elementor-hidden-tablet elementor-widget elementor-widget-image\" data-id=\"56fd36b\" data-element_type=\"widget\" data-widget_type=\"image.default\">\n\t\t\t\t<div class=\"elementor-widget-container\">\n\t\t\t\t\t\t\t\t\t\t\t\t\t\t\t<img loading=\"lazy\" decoding=\"async\" width=\"453\" height=\"234\" src=\"https:\/\/burlantins.com.br\/benjamin\/2021\/wp-content\/uploads\/2021\/06\/rodape_mobile2-min.png\" class=\"attachment-large size-large\" alt=\"\" \/>\t\t\t\t\t\t\t\t\t\t\t\t\t\t\t<\/div>\n\t\t\t\t<\/div>\n\t\t\t\t\t<\/div>\n\t\t<\/div>\n\t\t\t\t\t\t\t<\/div>\n\t\t<\/section>\n\t\t\t\t\t\t<\/div>\n\t\t\t\t\t<\/div>\n\t\t","protected":false},"excerpt":{"rendered":"<p>Patroc\u00ednio Aldir Blanc nos deixou em maio de 2020, v\u00edtima da Covi-19. Seu nome e legado serviram de inspira\u00e7\u00e3o para a cria\u00e7\u00e3o da Lei de Emerg\u00eancia Cultural Aldir Blanc, fruto da luta de artistas, coletivos, produtores e parlamentares. a 4\u00aa edi\u00e7\u00e3o do projeto \ud835\udde6\ud835\uddfc\ud835\uddf9\ud835\uddfc \ud835\udde1\ud835\uddf2\ud835\uddf4\ud835\uddff\ud835\uddfc &#8211; gratuita \u2022 online \u2022 de \ud835\udfed\ud835\udfec \ud835\uddee \ud835\udfed\ud835\udfef \ud835\uddf1\ud835\uddf2 [&hellip;]<\/p>\n","protected":false},"author":1,"featured_media":0,"parent":0,"menu_order":0,"comment_status":"closed","ping_status":"closed","template":"elementor_header_footer","meta":{"footnotes":""},"_links":{"self":[{"href":"https:\/\/burlantins.com.br\/benjamin\/2021\/wp-json\/wp\/v2\/pages\/138"}],"collection":[{"href":"https:\/\/burlantins.com.br\/benjamin\/2021\/wp-json\/wp\/v2\/pages"}],"about":[{"href":"https:\/\/burlantins.com.br\/benjamin\/2021\/wp-json\/wp\/v2\/types\/page"}],"author":[{"embeddable":true,"href":"https:\/\/burlantins.com.br\/benjamin\/2021\/wp-json\/wp\/v2\/users\/1"}],"replies":[{"embeddable":true,"href":"https:\/\/burlantins.com.br\/benjamin\/2021\/wp-json\/wp\/v2\/comments?post=138"}],"version-history":[{"count":37,"href":"https:\/\/burlantins.com.br\/benjamin\/2021\/wp-json\/wp\/v2\/pages\/138\/revisions"}],"predecessor-version":[{"id":690,"href":"https:\/\/burlantins.com.br\/benjamin\/2021\/wp-json\/wp\/v2\/pages\/138\/revisions\/690"}],"wp:attachment":[{"href":"https:\/\/burlantins.com.br\/benjamin\/2021\/wp-json\/wp\/v2\/media?parent=138"}],"curies":[{"name":"wp","href":"https:\/\/api.w.org\/{rel}","templated":true}]}}