{"id":132,"date":"2021-05-25T18:52:36","date_gmt":"2021-05-25T21:52:36","guid":{"rendered":"https:\/\/burlantins.com.br\/benjamin\/2021\/?page_id=132"},"modified":"2021-06-23T11:11:33","modified_gmt":"2021-06-23T14:11:33","slug":"programacao","status":"publish","type":"page","link":"https:\/\/burlantins.com.br\/benjamin\/2021\/programacao\/","title":{"rendered":"Programa\u00e7\u00e3o"},"content":{"rendered":"\t\t<div data-elementor-type=\"wp-page\" data-elementor-id=\"132\" class=\"elementor elementor-132\" data-elementor-settings=\"[]\">\n\t\t\t\t\t\t\t<div class=\"elementor-section-wrap\">\n\t\t\t\t\t\t\t<section class=\"elementor-section elementor-top-section elementor-element elementor-element-fe40fcd elementor-section-boxed elementor-section-height-default elementor-section-height-default\" data-id=\"fe40fcd\" data-element_type=\"section\">\n\t\t\t\t\t\t<div class=\"elementor-container elementor-column-gap-default\">\n\t\t\t\t\t<div class=\"elementor-column elementor-col-33 elementor-top-column elementor-element elementor-element-1d56cbe\" data-id=\"1d56cbe\" data-element_type=\"column\" data-settings=\"{&quot;background_background&quot;:&quot;classic&quot;}\">\n\t\t\t<div class=\"elementor-widget-wrap elementor-element-populated\">\n\t\t\t\t\t\t\t\t<div class=\"elementor-element elementor-element-c3adc5a elementor-widget elementor-widget-image\" data-id=\"c3adc5a\" data-element_type=\"widget\" data-widget_type=\"image.default\">\n\t\t\t\t<div class=\"elementor-widget-container\">\n\t\t\t\t\t\t\t\t\t\t\t\t\t\t\t<img loading=\"lazy\" decoding=\"async\" width=\"800\" height=\"533\" src=\"https:\/\/burlantins.com.br\/benjamin\/2021\/wp-content\/uploads\/2021\/06\/chamada-min.png\" class=\"attachment-large size-large\" alt=\"\" \/>\t\t\t\t\t\t\t\t\t\t\t\t\t\t\t<\/div>\n\t\t\t\t<\/div>\n\t\t\t\t\t<\/div>\n\t\t<\/div>\n\t\t\t\t<div class=\"elementor-column elementor-col-66 elementor-top-column elementor-element elementor-element-c63b2e3\" data-id=\"c63b2e3\" data-element_type=\"column\">\n\t\t\t<div class=\"elementor-widget-wrap elementor-element-populated\">\n\t\t\t\t\t\t\t\t<div class=\"elementor-element elementor-element-9064fa5 elementor-widget elementor-widget-heading\" data-id=\"9064fa5\" data-element_type=\"widget\" data-widget_type=\"heading.default\">\n\t\t\t\t<div class=\"elementor-widget-container\">\n\t\t\t<h2 class=\"elementor-heading-title elementor-size-default\">ESPET\u00c1CULOS<\/h2>\t\t<\/div>\n\t\t\t\t<\/div>\n\t\t\t\t<div class=\"elementor-element elementor-element-d8b33c7 elementor-widget elementor-widget-text-editor\" data-id=\"d8b33c7\" data-element_type=\"widget\" data-widget_type=\"text-editor.default\">\n\t\t\t\t<div class=\"elementor-widget-container\">\n\t\t\t\t\t\t\t<p><span style=\"font-size: 24px; font-weight: 800; font-style: italic; letter-spacing: 2px; color: #ffffff;\">24.06. quinta-feira. 20H<br \/>Sonhos de Gaveta . Wesley Ribeiro (dan\u00e7a)<\/span><\/p><p>O int\u00e9rprete-criador Wesley Ribeiro realiza um mergulho interno em seus sonhos, seus projetos e seus anseios. A partir do isolamento social, foi convidado a olhar para si e captar as transforma\u00e7\u00f5es do mundo externo para explorar caminhos ainda n\u00e3o percorridos. O hip hop, enquanto filosofia e estilo de vida, se tornam o fio condutor deste di\u00e1logo entre sua dan\u00e7a e quem o assiste. E voc\u00ea? Quais sonhos vai tirar da gaveta hoje?<\/p><p>Dire\u00e7\u00e3o e elenco: Wesley Ribeiro | Dura\u00e7\u00e3o: 25 min | Classifica\u00e7\u00e3o: livre<\/p><p><iframe loading=\"lazy\" title=\"YouTube video player\" src=\"https:\/\/www.youtube.com\/embed\/qcTYYppRlog\" width=\"560\" height=\"315\" frameborder=\"0\" allowfullscreen=\"allowfullscreen\"><\/iframe><\/p><p>\u00a0<\/p><p>\u00a0<\/p><p><span style=\"font-size: 24px; font-weight: 800; font-style: italic; letter-spacing: 2px; color: #ffffff;\">25.06. sexta-feira. 20H<br \/><b>E se todas se chamassem Carmem? . Breve Cia. (teatro)<\/b><\/span><\/p><p>Tr\u00eas Carmens. Talvez sejam muitas. Inclusive elas se enxergam umas nas outras. Elas querem falar sobre amor. J\u00e1 tiveram tudo, inclusive algu\u00e9m para amar. Ou j\u00e1 amaram a si mesmas. Ir\u00e3o falar, na verdade, sobre morte. As tr\u00eas t\u00eam algo em comum: uma verborragia debochada sobre a situa\u00e7\u00e3o do pa\u00eds em que vivem. Foram abortadas no tapa do nascimento e criadas por vermes da lata de lixo da cozinha da parte amarela da bandeira do maior pa\u00eds da Am\u00e9rica Latina.<\/p><p>Dire\u00e7\u00e3o: Adriano Borges | Concep\u00e7\u00e3o e dramaturgia: Breve Cia. | Elenco: Anair Patr\u00edcia, Amora Tito e Renata Paz | Dura\u00e7\u00e3o: 1h20 | Classifica\u00e7\u00e3o: livre<\/p><p><iframe loading=\"lazy\" title=\"YouTube video player\" src=\"https:\/\/www.youtube.com\/embed\/kYNWUlTd-8M\" width=\"560\" height=\"315\" frameborder=\"0\" allowfullscreen=\"allowfullscreen\"><\/iframe><\/p><p>\u00a0<\/p><p>\u00a0<\/p><p><span style=\"font-size: 24px; font-weight: 800; font-style: italic; letter-spacing: 2px; color: #ffffff;\">26.06. s\u00e1bado. 20H <b><br \/><\/b><b>Meu canto de gra\u00e7a . C\u00f3ccix Companhia Teatral (teatro)<\/b><\/span><br \/>Meu Canto de Gra\u00e7a conta as hist\u00f3rias de tr\u00eas personagens que t\u00eam um sonho em comum: ter um lugar. S\u00e3o eles um radialista e l\u00edder comunit\u00e1rio; uma mulher que tem apenas o dia e a noite como casa; e um vendedor em luta com a quest\u00e3o financeira. De que lugar esses personagens falam? Lugar de moradia, lugar de identidade, lugar de destaque, da periferia?&#8230; De todos eles.<\/p><p>Dire\u00e7\u00e3o: Cida Falabella e Rog\u00e9rio Gomes | Dramaturgia: Rog\u00e9rio Coelho | Elenco: Marcus Carvalho, Rog\u00e9rio Gomes e Sinara Teles | Dura\u00e7\u00e3o: 1h20 | Classifica\u00e7\u00e3o: livre<\/p><p><iframe loading=\"lazy\" title=\"YouTube video player\" src=\"https:\/\/www.youtube.com\/embed\/tPAevNcY77o\" width=\"560\" height=\"315\" frameborder=\"0\" allowfullscreen=\"allowfullscreen\"><\/iframe><\/p><p>\u00a0<\/p><p>\u00a0<\/p><p><span style=\"font-size: 24px; font-weight: 800; font-style: italic; letter-spacing: 2px; color: #ffffff;\">27.06.\u00a0 17H . domingo<b><br \/><\/b><b>Abena . Cia. Bando (teatro infantil)<\/b><\/span><br \/>Que Abena \u00e9 uma das princesas mais belas de todo o mundo, n\u00e3o h\u00e1 quem discorde! Pretendentes de todas as partes esperavam ter sua m\u00e3o em casamento. Diante de tanto cortejo, o jeito foi fazer uma grande disputa! Mas o cora\u00e7\u00e3o de Abena&#8230; Ah, o cora\u00e7\u00e3o j\u00e1 estava preenchido de amor por algu\u00e9m. Mas nessa disputa, quem ser\u00e1 o vencedor?<\/p><p>Elenco: Anderson Ferreira, Andr\u00e9a Rodrigues, Fabiana Brasil e Rainy Campos | Dura\u00e7\u00e3o: 1h | Classifica\u00e7\u00e3o: livre<\/p><p><iframe loading=\"lazy\" title=\"YouTube video player\" src=\"https:\/\/www.youtube.com\/embed\/2l-LS2uTrwY\" width=\"560\" height=\"315\" frameborder=\"0\" allowfullscreen=\"allowfullscreen\"><\/iframe><\/p><p>\u00a0<\/p><p>\u00a0<\/p><p><span style=\"font-size: 2rem; font-weight: 800; color: #e11119;\">OFICINAS<\/span><\/p><p><span style=\"font-size: 24px; font-weight: 800; font-style: italic; letter-spacing: 2px; color: #ffffff;\">21 e 22 de junho. segunda-feira e ter\u00e7a-feira. 17h \u00e0s 19h30<\/span><\/p><p>Oficina Encantoar .\u00a0 Michele Bernardino<\/p><p>Este curso tem como objetivo trabalhar a nossa m\u00fasica individual a partir da <i>escreviv\u00eancia<\/i> musical. Para isso, Michele Bernardino apresenta um panorama da m\u00fasica negra em di\u00e1spora na Am\u00e9rica. Partindo da\u00ed, explora a viv\u00eancia desses artistas com a m\u00fasica, suas hist\u00f3rias, mem\u00f3rias e prop\u00f5e exerc\u00edcios e din\u00e2micas para desenvolvimento de composi\u00e7\u00f5es musicais em di\u00e1logo com movimentos corporais na busca e resgate da autobiografia de cada um.<\/p><p><b>Michele Bernardino<\/b> \u00e9 atriz, cantora e professora de teatro. Atualmente \u00e9 monitora de teatro e musicaliza\u00e7\u00e3o no projeto Arte da Sa\u00fade, al\u00e9m de ser integrante da Cia. Espa\u00e7o Preto (2014), do Coletivo Transborda (2016), do Coletivo Akofena (2018). Pesquisa sobre o canto em di\u00e1spora negra, e a partir disso, desenvolveu trabalhos como o espet\u00e1culo \u201cEncantoado\u201d, \u201cCanto ao Mar\u201d, o poket show \u201cAtl\u00e2ntida Negra\u201d, e dire\u00e7\u00e3o musical no espet\u00e1culo \u201cRevoadas\u201d, \u201cUma, outra\u201d, dentre outros, e atualmente est\u00e1 em processo criativo com o show ARRUDA I.<\/p><p><b>inscri\u00e7\u00f5es pelo link:<\/b> <a href=\"http:\/\/sympla.com.br\/napele\">sympla.com.br\/napele<\/a><\/p><p><span style=\"font-size: 24px; font-weight: 800; font-style: italic; letter-spacing: 2px; color: #ffffff;\">23 e 24 de junho. quarta-feira e quinta-feira. 17h \u00e0s 19h30<br \/><\/span><\/p><p>Oficina Conta\u00e7\u00e3o de Hist\u00f3rias .\u00a0 Fabiana Brasil (Cia. Bando)<\/p><p>A oficina ser\u00e1 um espa\u00e7o de compartilhamento de possibilidades de narra\u00e7\u00e3o de hist\u00f3rias e dos lugares que essa performance pode habitar. Entendendo que todas e todos s\u00e3o contadores\/as de hist\u00f3rias, a oficina tem o objetivo de acolher e oferecer elementos para que a conta\u00e7\u00e3o de hist\u00f3ria possa instigar o p\u00fablico a visualizar espa\u00e7os, imaginar outras formas e construir novos caminhos por meio das palavras narradas. Ao propiciar esse momento, a Cia. Bando deseja olhar para as diversas possibilidades de contar hist\u00f3rias, incentivando cria\u00e7\u00f5es de novas subjetividades, de saberes e de mem\u00f3rias.<\/p><p><b>Fabiana Brasil<\/b> \u00e9 atriz, contadora de hist\u00f3rias e doutoranda em literaturas de l\u00edngua portuguesa na PUC\/MG. \u00c9 graduada em letras pela UFMG e formada no curso t\u00e9cnico de ator no Teatro Universit\u00e1rio da UFMG. Integra a Cia. Bando de Belo Horizonte, dedicada ao teatro para as inf\u00e2ncias. Sua trajet\u00f3ria, de pesquisas e pr\u00e1ticas, segue o percurso da escrita de mulheres negras.<\/p><p><b>inscri\u00e7\u00f5es pelo link:<\/b> <a href=\"http:\/\/sympla.com.br\/napele\">sympla.com.br\/napele<\/a><\/p><p><span style=\"font-size: 24px; font-weight: 800; font-style: italic; letter-spacing: 2px; color: #ffffff;\">25 de junho. sexta-feira. 17h30 \u00e0s 19h30<br \/><\/span><\/p><p>Palestra Teatralidades Negras e as v\u00e1rias possibilidades de pensar-ser-estar em cena . Soraya Martins<\/p><p>A conversa pretende refletir as teatralidades contempor\u00e2neas negras como gestos que movimentam e fissuram as determina\u00e7\u00f5es pol\u00edticas e \u00e9ticas impostas e, ao mesmo tempo, imaginam as exist\u00eancias e as est\u00e9ticas pretas atrav\u00e9s de outros textos, gram\u00e1ticas, narrativas, saberes, tradi\u00e7\u00f5es e quereres.<\/p><p><b>Soraya Martins<\/b> \u00e9 atriz, cr\u00edtica de teatros e curadora independente. Foi curadora do Fit-BH 18 e Fiac- BA 19. Escreve cr\u00edticas para segunda PRETA, Horizonte da Cena e festivais de teatro. \u00c9 doutora em Letras, cuja tese \u00e9 um estudo sobre as Teatralidades Negras Contempor\u00e2neas.<\/p><p><b>inscri\u00e7\u00f5es pelo link:<\/b> <a href=\"http:\/\/sympla.com.br\/napele\">sympla.com.br\/napele<\/a><\/p><p><span style=\"font-size: 24px; font-weight: 800; font-style: italic; letter-spacing: 2px; color: #ffffff;\">26 e 27 de junho. s\u00e1bado e domingo. 14h \u00e0s 17h<br \/><\/span><\/p><p>Dramaturgia como arte da escreviv\u00eancia . Amora Tito (Breve Cia)<\/p><p>A oficina visa propor uma viv\u00eancia e imers\u00e3o de corpas diversas, descobrindo suas escreviv\u00eancias por meio de bate-papos, jogos teatrais, jogos de cria\u00e7\u00e3o dramat\u00fargica e a pr\u00e1tica da escrita voltada para a cena contempor\u00e2nea.<\/p><p><b>Amora Tito <\/b>\u00e9 atriz, dramaturga e diretora formada pelo CEFART. Atualmente cursa licenciatura em teatro na Escola de Belas Artes (UFMG). Pesquisadora das dramaturgias contempor\u00e2neas, fez parte do N\u00facleo de Pesquisa em Dramaturgia do Galp\u00e3o Cine Horto e \u00e9 integrante do NED &#8211; N\u00facleo Experimental de Dramaturgia da UFMG. Tamb\u00e9m \u00e9 integrante e co-fundadora da Breve Cia e comp\u00f5e a equipe pedag\u00f3gica da Breve Cursos Livres.<\/p>\t\t\t\t\t\t<\/div>\n\t\t\t\t<\/div>\n\t\t\t\t\t<\/div>\n\t\t<\/div>\n\t\t\t\t\t\t\t<\/div>\n\t\t<\/section>\n\t\t\t\t<section class=\"elementor-section elementor-top-section elementor-element elementor-element-0d11bac elementor-section-boxed elementor-section-height-default elementor-section-height-default\" data-id=\"0d11bac\" data-element_type=\"section\">\n\t\t\t\t\t\t<div class=\"elementor-container elementor-column-gap-default\">\n\t\t\t\t\t<div class=\"elementor-column elementor-col-100 elementor-top-column elementor-element elementor-element-5197de2\" data-id=\"5197de2\" data-element_type=\"column\">\n\t\t\t<div class=\"elementor-widget-wrap elementor-element-populated\">\n\t\t\t\t\t\t\t\t<div class=\"elementor-element elementor-element-e39a664 elementor-shape-circle e-grid-align-right e-grid-align-mobile-center elementor-grid-0 elementor-widget elementor-widget-social-icons\" data-id=\"e39a664\" data-element_type=\"widget\" data-widget_type=\"social-icons.default\">\n\t\t\t\t<div class=\"elementor-widget-container\">\n\t\t\t\t\t<div class=\"elementor-social-icons-wrapper elementor-grid\">\n\t\t\t\t\t\t\t<span class=\"elementor-grid-item\">\n\t\t\t\t\t<a class=\"elementor-icon elementor-social-icon elementor-social-icon-facebook elementor-repeater-item-d533e3a\" href=\"https:\/\/www.facebook.com\/burlantins\" target=\"_blank\">\n\t\t\t\t\t\t<span class=\"elementor-screen-only\">Facebook<\/span>\n\t\t\t\t\t\t<i class=\"fab fa-facebook\"><\/i>\t\t\t\t\t<\/a>\n\t\t\t\t<\/span>\n\t\t\t\t\t\t\t<span class=\"elementor-grid-item\">\n\t\t\t\t\t<a class=\"elementor-icon elementor-social-icon elementor-social-icon-instagram elementor-repeater-item-a60936e\" href=\"https:\/\/www.instagram.com\/ciaburlantins\/\" target=\"_blank\">\n\t\t\t\t\t\t<span class=\"elementor-screen-only\">Instagram<\/span>\n\t\t\t\t\t\t<i class=\"fab fa-instagram\"><\/i>\t\t\t\t\t<\/a>\n\t\t\t\t<\/span>\n\t\t\t\t\t\t\t<span class=\"elementor-grid-item\">\n\t\t\t\t\t<a class=\"elementor-icon elementor-social-icon elementor-social-icon-youtube elementor-repeater-item-b6eb838\" href=\"https:\/\/www.youtube.com\/ciaburlantins\" target=\"_blank\">\n\t\t\t\t\t\t<span class=\"elementor-screen-only\">Youtube<\/span>\n\t\t\t\t\t\t<i class=\"fab fa-youtube\"><\/i>\t\t\t\t\t<\/a>\n\t\t\t\t<\/span>\n\t\t\t\t\t\t\t<span class=\"elementor-grid-item\">\n\t\t\t\t\t<a class=\"elementor-icon elementor-social-icon elementor-social-icon-envelope elementor-repeater-item-d431c3a\" href=\"mailto:burlantis@gmail.com\" target=\"_blank\">\n\t\t\t\t\t\t<span class=\"elementor-screen-only\">Envelope<\/span>\n\t\t\t\t\t\t<i class=\"fas fa-envelope\"><\/i>\t\t\t\t\t<\/a>\n\t\t\t\t<\/span>\n\t\t\t\t\t<\/div>\n\t\t\t\t<\/div>\n\t\t\t\t<\/div>\n\t\t\t\t<div class=\"elementor-element elementor-element-c866a85 elementor-widget elementor-widget-text-editor\" data-id=\"c866a85\" data-element_type=\"widget\" data-widget_type=\"text-editor.default\">\n\t\t\t\t<div class=\"elementor-widget-container\">\n\t\t\t\t\t\t\t<p><span style=\"font-weight: 400;\">burlantins@gmail.com<\/span><\/p>\t\t\t\t\t\t<\/div>\n\t\t\t\t<\/div>\n\t\t\t\t\t<\/div>\n\t\t<\/div>\n\t\t\t\t\t\t\t<\/div>\n\t\t<\/section>\n\t\t\t\t<section class=\"elementor-section elementor-top-section elementor-element elementor-element-17cf51c elementor-section-boxed elementor-section-height-default elementor-section-height-default\" data-id=\"17cf51c\" data-element_type=\"section\">\n\t\t\t\t\t\t<div class=\"elementor-container elementor-column-gap-default\">\n\t\t\t\t\t<div class=\"elementor-column elementor-col-100 elementor-top-column elementor-element elementor-element-a220dc3\" data-id=\"a220dc3\" data-element_type=\"column\">\n\t\t\t<div class=\"elementor-widget-wrap elementor-element-populated\">\n\t\t\t\t\t\t\t\t<div class=\"elementor-element elementor-element-a24e706 elementor-hidden-phone elementor-widget elementor-widget-image\" data-id=\"a24e706\" data-element_type=\"widget\" data-widget_type=\"image.default\">\n\t\t\t\t<div class=\"elementor-widget-container\">\n\t\t\t\t\t\t\t\t\t\t\t\t\t\t\t<img loading=\"lazy\" decoding=\"async\" width=\"800\" height=\"111\" src=\"https:\/\/burlantins.com.br\/benjamin\/2021\/wp-content\/uploads\/2021\/06\/rodape-min-1024x142.png\" class=\"attachment-large size-large\" alt=\"\" \/>\t\t\t\t\t\t\t\t\t\t\t\t\t\t\t<\/div>\n\t\t\t\t<\/div>\n\t\t\t\t<div class=\"elementor-element elementor-element-2b594e1 elementor-hidden-desktop elementor-hidden-tablet elementor-widget elementor-widget-image\" data-id=\"2b594e1\" data-element_type=\"widget\" data-widget_type=\"image.default\">\n\t\t\t\t<div class=\"elementor-widget-container\">\n\t\t\t\t\t\t\t\t\t\t\t\t\t\t\t<img loading=\"lazy\" decoding=\"async\" width=\"453\" height=\"234\" src=\"https:\/\/burlantins.com.br\/benjamin\/2021\/wp-content\/uploads\/2021\/06\/rodape_mobile2-min.png\" class=\"attachment-large size-large\" alt=\"\" \/>\t\t\t\t\t\t\t\t\t\t\t\t\t\t\t<\/div>\n\t\t\t\t<\/div>\n\t\t\t\t\t<\/div>\n\t\t<\/div>\n\t\t\t\t\t\t\t<\/div>\n\t\t<\/section>\n\t\t\t\t\t\t<\/div>\n\t\t\t\t\t<\/div>\n\t\t","protected":false},"excerpt":{"rendered":"<p>ESPET\u00c1CULOS 24.06. quinta-feira. 20HSonhos de Gaveta . Wesley Ribeiro (dan\u00e7a) O int\u00e9rprete-criador Wesley Ribeiro realiza um mergulho interno em seus sonhos, seus projetos e seus anseios. A partir do isolamento social, foi convidado a olhar para si e captar as transforma\u00e7\u00f5es do mundo externo para explorar caminhos ainda n\u00e3o percorridos. O hip hop, enquanto filosofia [&hellip;]<\/p>\n","protected":false},"author":1,"featured_media":0,"parent":0,"menu_order":0,"comment_status":"closed","ping_status":"closed","template":"elementor_header_footer","meta":{"footnotes":""},"_links":{"self":[{"href":"https:\/\/burlantins.com.br\/benjamin\/2021\/wp-json\/wp\/v2\/pages\/132"}],"collection":[{"href":"https:\/\/burlantins.com.br\/benjamin\/2021\/wp-json\/wp\/v2\/pages"}],"about":[{"href":"https:\/\/burlantins.com.br\/benjamin\/2021\/wp-json\/wp\/v2\/types\/page"}],"author":[{"embeddable":true,"href":"https:\/\/burlantins.com.br\/benjamin\/2021\/wp-json\/wp\/v2\/users\/1"}],"replies":[{"embeddable":true,"href":"https:\/\/burlantins.com.br\/benjamin\/2021\/wp-json\/wp\/v2\/comments?post=132"}],"version-history":[{"count":226,"href":"https:\/\/burlantins.com.br\/benjamin\/2021\/wp-json\/wp\/v2\/pages\/132\/revisions"}],"predecessor-version":[{"id":700,"href":"https:\/\/burlantins.com.br\/benjamin\/2021\/wp-json\/wp\/v2\/pages\/132\/revisions\/700"}],"wp:attachment":[{"href":"https:\/\/burlantins.com.br\/benjamin\/2021\/wp-json\/wp\/v2\/media?parent=132"}],"curies":[{"name":"wp","href":"https:\/\/api.w.org\/{rel}","templated":true}]}}